{"id":582,"date":"2023-07-11T08:36:46","date_gmt":"2023-07-11T06:36:46","guid":{"rendered":"https:\/\/udvarhely.fussneki.ro\/hasznos-tippek\/"},"modified":"2025-07-11T13:07:09","modified_gmt":"2025-07-11T11:07:09","slug":"sfaturi-utile","status":"publish","type":"page","link":"https:\/\/udvarhely.fussneki.ro\/ro\/sfaturi-utile\/","title":{"rendered":"Sfaturi utile"},"content":{"rendered":"<div id=\"block_64ad14621ebd7\" class=\"rules-banner-block wp-block-acf-rules-banner-block alignfull has-links\">\n  <div class=\"bg-container position-relative\">\n    <div class=\"bg-image\">\n            <img decoding=\"async\" width=\"2048\" height=\"480\" src=\"https:\/\/udvarhely.fussneki.ro\/wp-content\/uploads\/2023\/07\/PXL7184-1.png\" class=\"img-fluid w-100\" alt=\"Fuss NEKI! Udvarhely\" srcset=\"https:\/\/udvarhely.fussneki.ro\/wp-content\/uploads\/2023\/07\/PXL7184-1.png 2048w, https:\/\/udvarhely.fussneki.ro\/wp-content\/uploads\/2023\/07\/PXL7184-1-300x70.png 300w, https:\/\/udvarhely.fussneki.ro\/wp-content\/uploads\/2023\/07\/PXL7184-1-1024x240.png 1024w, https:\/\/udvarhely.fussneki.ro\/wp-content\/uploads\/2023\/07\/PXL7184-1-768x180.png 768w, https:\/\/udvarhely.fussneki.ro\/wp-content\/uploads\/2023\/07\/PXL7184-1-1536x360.png 1536w, https:\/\/udvarhely.fussneki.ro\/wp-content\/uploads\/2023\/07\/PXL7184-1-600x141.png 600w\" sizes=\"(max-width: 2048px) 100vw, 2048px\" \/>\n          <\/div>\n    <div class=\"bg-overlay absolute-inset\"><\/div>\n    <div class=\"container absolute-inset d-flex align-items-center flex-wrap\">\n      <div>\n                <h1 class=\"main-banner-title fw-900\">\n          Ce te poate ajuta<br \/>\r\n        <\/h1>\n                          <div class=\"banner-logo\">\n            <img decoding=\"async\" width=\"1766\" height=\"1034\" src=\"https:\/\/udvarhely.fussneki.ro\/wp-content\/uploads\/2025\/07\/logo_fussneki_25.webp\" class=\"img-fluid w-100\" alt=\"Fuss NEKI! Udvarhely\" srcset=\"https:\/\/udvarhely.fussneki.ro\/wp-content\/uploads\/2025\/07\/logo_fussneki_25.webp 1766w, https:\/\/udvarhely.fussneki.ro\/wp-content\/uploads\/2025\/07\/logo_fussneki_25-300x176.webp 300w, https:\/\/udvarhely.fussneki.ro\/wp-content\/uploads\/2025\/07\/logo_fussneki_25-1024x600.webp 1024w, https:\/\/udvarhely.fussneki.ro\/wp-content\/uploads\/2025\/07\/logo_fussneki_25-768x450.webp 768w, https:\/\/udvarhely.fussneki.ro\/wp-content\/uploads\/2025\/07\/logo_fussneki_25-1536x899.webp 1536w, https:\/\/udvarhely.fussneki.ro\/wp-content\/uploads\/2025\/07\/logo_fussneki_25-600x351.webp 600w\" sizes=\"(max-width: 1766px) 100vw, 1766px\" \/>\n          <\/div>\n              <\/div>\n    <\/div>\n        <div class=\"container links-container position-absolute start-0 end-0\">\n      <div class=\"row\">\n                  <div class=\"col-md bg-black py-5 px-5\">\n            <h5 class=\"fn-green mb-3\">01<\/h5>\n            <h5 class=\"text-white mb-1\">Sfaturi pentru <\/h5>\n            <p class=\"text-white fw-700\">\u00eenregistrarea organiza\u021biilor<\/p>\n            <a href=\"#ong-registrare\"\n               target=\"_self\"\n               class=\"go-to fn-green d-inline-flex align-items-center\">\n              <span class=\"me-2\">Mai departe<\/span>\n              <span><svg class=\"arrow-down-icon\" width=\"25\" height=\"24\" viewBox=\"0 0 25 24\" fill=\"none\" xmlns=\"http:\/\/www.w3.org\/2000\/svg\">\n  <path class=\"arrow-down-icon-path\" d=\"M12.5 5V19\" stroke=\"#A3B92A\" stroke-width=\"2\" stroke-linecap=\"round\" stroke-linejoin=\"round\"\/>\n  <path class=\"arrow-down-icon-path\" d=\"M19.5 12L12.5 19L5.5 12\" stroke=\"#A3B92A\" stroke-width=\"2\" stroke-linecap=\"round\" stroke-linejoin=\"round\"\/>\n<\/svg><\/span>\n            <\/a>\n          <\/div>\n                  <div class=\"col-md bg-black py-5 px-5\">\n            <h5 class=\"fn-green mb-3\">02<\/h5>\n            <h5 class=\"text-white mb-1\">Sfaturi pentru <\/h5>\n            <p class=\"text-white fw-700\">\u00eenregistrarea ambasadorilor<\/p>\n            <a href=\"#ambasadori-registrare\"\n               target=\"_self\"\n               class=\"go-to fn-green d-inline-flex align-items-center\">\n              <span class=\"me-2\">Mai departe<\/span>\n              <span><svg class=\"arrow-down-icon\" width=\"25\" height=\"24\" viewBox=\"0 0 25 24\" fill=\"none\" xmlns=\"http:\/\/www.w3.org\/2000\/svg\">\n  <path class=\"arrow-down-icon-path\" d=\"M12.5 5V19\" stroke=\"#A3B92A\" stroke-width=\"2\" stroke-linecap=\"round\" stroke-linejoin=\"round\"\/>\n  <path class=\"arrow-down-icon-path\" d=\"M19.5 12L12.5 19L5.5 12\" stroke=\"#A3B92A\" stroke-width=\"2\" stroke-linecap=\"round\" stroke-linejoin=\"round\"\/>\n<\/svg><\/span>\n            <\/a>\n          <\/div>\n              <\/div>\n    <\/div>\n      <\/div>\n<\/div><div id=\"block_64ad14701ebd8\" class=\"custom-text-block wp-block-acf-custom-text-block alignfull  bg-grey-200  py-5\">\n  <div class=\"container\">\n        <div id=\"ong-registrare\">\n            <h1 class=\"fn-green\">\n        01      <\/h1>\n          <\/div>\n            <div class=\"rule-content\">\n      <h2><b>Cum procedez dac\u0103 vreau s\u0103 m\u0103 \u00eenscriu \u00een program \u00een calitate de ONG?<\/b><\/h2>\n<p><b>SFATURI<\/b><\/p>\n<ul>\n<li style=\"font-weight: 400;\" aria-level=\"1\"><span style=\"font-weight: 400;\">\u00a0M\u0103 informez pe site-ul programului (<\/span><span style=\"font-weight: 400;\">udvarhely.fussneki.ro<\/span><span style=\"font-weight: 400;\">).<\/span><\/li>\n<li style=\"font-weight: 400;\" aria-level=\"1\"><span style=\"font-weight: 400;\">\u00a0\u00cemi adun \u00eentreb\u0103rile \u0219i particip la \u00eent\u00e2lnirea (\u00eent\u00e2lnirile) pentru ONG-uri, \u00eemi anun\u021b<\/span><span style=\"font-weight: 400;\"><br \/>\n<\/span><span style=\"font-weight: 400;\">inten\u021bia de a participa \u00een prealabil prin e-mail.<\/span><\/li>\n<li style=\"font-weight: 400;\" aria-level=\"1\"><span style=\"font-weight: 400;\">Preg\u0103tesc materialele pentru \u00eenscriere:<\/span><\/li>\n<\/ul>\n<p><span style=\"font-weight: 400;\">* Preg\u0103tesc o versiune scanat\u0103 \u0219i lizibil\u0103 a documentelor constitutive ale organiza\u021biei \u00een<\/span><span style=\"font-weight: 400;\"><br \/>\n<\/span><span style=\"font-weight: 400;\">format PDF (descarc documentele \u00een fi\u0219iere separate \u00een func\u021bie de grupele de mai<\/span><span style=\"font-weight: 400;\"><br \/>\n<\/span><span style=\"font-weight: 400;\">jos):<\/span><\/p>\n<ol>\n<li><b>CIF \/ Cod de Identificare Fiscal\u0103<\/b><\/li>\n<li><b>Statut + Acte adi\u021bionale, dac\u0103 este cazul<\/b><\/li>\n<li><strong>Adeverin\u021b\u0103 \/ Extras din registru<\/strong><\/li>\n<li><span style=\"font-weight: 400;\">Dovada <\/span><b>num\u0103rului de cont bancar<\/b><span style=\"font-weight: 400;\"> al organiza\u021biei<\/span><\/li>\n<\/ol>\n<p><b>* Logo-ul organiza\u021biei<\/b><span style=\"font-weight: 400;\"> (\u00een format PNG)<\/span><\/p>\n<ul>\n<li style=\"font-weight: 400;\" aria-level=\"1\"><span style=\"font-weight: 400;\">M\u0103 \u00eenregistrez pe site-ul programului (<\/span><span style=\"font-weight: 400;\">udvarhely.fussneki.ro<\/span><span style=\"font-weight: 400;\">).<\/span><\/li>\n<li style=\"font-weight: 400;\" aria-level=\"1\"><b>Recrutez ambasadori<\/b><span style=\"font-weight: 400;\">, \u00eei \u021bin la curent<\/span><span style=\"font-weight: 400;\"><br \/>\n<\/span><span style=\"font-weight: 400;\">\u00eencerc s\u0103-mi mobilizez sus\u021bin\u0103torii care locuiesc departe (chiar \u0219i \u00een<\/span><span style=\"font-weight: 400;\"><br \/>\n<\/span><span style=\"font-weight: 400;\">str\u0103in\u0103tate) pentru a deveni ambasadori.<\/span><\/li>\n<li style=\"font-weight: 400;\" aria-level=\"1\"><span style=\"font-weight: 400;\">Urm\u0103resc pagina de Facebook a programului <\/span><span style=\"font-weight: 400;\">Run<\/span><span style=\"font-weight: 400;\"> for IT! Odorhei<\/span><span style=\"font-weight: 400;\"> \u0219i, c\u00e2nd va fi<\/span><span style=\"font-weight: 400;\"><br \/>\n<\/span><span style=\"font-weight: 400;\">actual, m\u0103 voi al\u0103tura \u0219i la evenimentul <\/span><span style=\"font-weight: 400;\">Run<\/span><span style=\"font-weight: 400;\"> for IT! Odorhei,<\/span><span style=\"font-weight: 400;\"> \u0219i \u00eei voi invita pe<\/span><span style=\"font-weight: 400;\"><br \/>\n<\/span><span style=\"font-weight: 400;\">membrii organiza\u021biei.<\/span><\/li>\n<\/ul>\n    <\/div>\n      <\/div>\n<\/div><div id=\"block_64ad3b2dc7cd7\" class=\"custom-text-block wp-block-acf-custom-text-block alignfull  bg-grey-200  py-5\">\n  <div class=\"container\">\n        <div id=\"ambasadori-registrare\">\n            <h1 class=\"fn-green\">\n        02      <\/h1>\n          <\/div>\n            <div class=\"rule-content\">\n      <h2><b>Cum procedez dac\u0103 vreau s\u0103 devin ambasador?<\/b><\/h2>\n<p><b>SFATURI<\/b><\/p>\n<ul>\n<li style=\"font-weight: 400;\" aria-level=\"1\"><span style=\"font-weight: 400;\">\u00cencep\u00e2nd cu data de <\/span><span style=\"font-weight: 400;\">18 august<\/span><span style=\"font-weight: 400;\">, toate proiectele comunitare vor fi publicate pe site-ul programului (<\/span><span style=\"font-weight: 400;\">udvarhely.fussneki.ro<\/span><span style=\"font-weight: 400;\">),<\/span><span style=\"font-weight: 400;\"> le citesc \u0219i \u00eel aleg pe cel care \u00eemi place.<\/span><\/li>\n<li style=\"font-weight: 400;\" aria-level=\"1\"><span style=\"font-weight: 400;\">Voi contacta ONG-ul care reprezint\u0103 cauza prin intermediul datelor de contact ale <\/span><span style=\"font-weight: 400;\">coordonatorului de proiect, indicate pe site.<\/span><\/li>\n<li style=\"font-weight: 400;\" aria-level=\"1\"><span style=\"font-weight: 400;\">Dac\u0103 ONG-ul \u00eemi accept\u0103 candidatura, m\u0103 \u00eenregistrez ca ambasador online pe site-ul programului (<\/span><span style=\"font-weight: 400;\">udvarhely.fussneki.ro<\/span><span style=\"font-weight: 400;\">). \u00cemi fac o poz\u0103 digital\u0103, pe care o \u00eencarc, dup\u0103 care pl\u0103tesc taxa de \u00eenscriere (55 lei) p\u00e2n\u0103 la termenul stabilit.<\/span><\/li>\n<li style=\"font-weight: 400;\" aria-level=\"1\"><span style=\"font-weight: 400;\">Dac\u0103 m\u0103 opresc pe parcursul \u00eenregistr\u0103rii, nu-i nicio problem\u0103, deoarece programul salveaz\u0103 datele introduse \u0219i pot continua aplica\u021bia mai t\u00e2rziu.<\/span><\/li>\n<li style=\"font-weight: 400;\" aria-level=\"1\"><span style=\"font-weight: 400;\">M\u0103 \u00eenregistrez p\u00e2n\u0103 la <\/span><span style=\"font-weight: 400;\">8 septembrie (la miezul nop\u021bii),<\/span><span style=\"font-weight: 400;\"> altfel nu voi putea participa la eveniment \u00een calitate de ambasador.<\/span><\/li>\n<\/ul>\n    <\/div>\n      <\/div>\n<\/div><div id=\"block_64ad148f1ebda\" class=\"sponsors-block wp-block-acf-sponsors-block alignfull bg-grey-200 my-5\">\n  <div class=\"container pt-5 pb-2\">\n          <h3 class=\"text-center mb-4\">Sponzor principal<\/h3>\n\n      \n      \n          <h3 class=\"text-center mb-4\">Parteneri<\/h3>\n\n              <div class=\"row mb-5 justify-content-center\">\n                      <div class=\"col-md-4 mb-4\">\n              <a href=\"https:\/\/www.thehousecowork.ro\/\" target=\"_blank\" class=\"d-flex align-items-center justify-content-center h-100 bg-white p-4\" title=\"The House\" rel=\"noopener\">\n                                  <img decoding=\"async\" width=\"1\" height=\"1\" src=\"https:\/\/udvarhely.fussneki.ro\/wp-content\/uploads\/2023\/07\/the-house-szines.svg\" class=\"img-fluid\" alt=\"\" \/>\n                              <\/a>\n            <\/div>\n                      <div class=\"col-md-4 mb-4\">\n              <a href=\"https:\/\/www.muhely.eu\/\" target=\"_blank\" class=\"d-flex align-items-center justify-content-center h-100 bg-white p-4\" title=\"M\u0171hely Egyes\u00fcletet\" rel=\"noopener\">\n                                  <img decoding=\"async\" width=\"1\" height=\"1\" src=\"https:\/\/udvarhely.fussneki.ro\/wp-content\/uploads\/2023\/07\/muhely-szinese.svg\" class=\"img-fluid\" alt=\"\" \/>\n                              <\/a>\n            <\/div>\n                  <\/div>\n      \n      \n      <\/div>\n<\/div><div id=\"block_64ad14811ebd9\" class=\"custom-text-block wp-block-acf-custom-text-block alignfull  bg-grey-200  py-5\">\n  <div class=\"container\">\n          <\/div>\n<\/div>","protected":false},"excerpt":{"rendered":"","protected":false},"author":1,"featured_media":0,"parent":0,"menu_order":0,"comment_status":"closed","ping_status":"closed","template":"template-full-width.blade.php","meta":{"footnotes":""},"class_list":["post-582","page","type-page","status-publish","hentry"],"_links":{"self":[{"href":"https:\/\/udvarhely.fussneki.ro\/ro\/wp-json\/wp\/v2\/pages\/582","targetHints":{"allow":["GET"]}}],"collection":[{"href":"https:\/\/udvarhely.fussneki.ro\/ro\/wp-json\/wp\/v2\/pages"}],"about":[{"href":"https:\/\/udvarhely.fussneki.ro\/ro\/wp-json\/wp\/v2\/types\/page"}],"author":[{"embeddable":true,"href":"https:\/\/udvarhely.fussneki.ro\/ro\/wp-json\/wp\/v2\/users\/1"}],"replies":[{"embeddable":true,"href":"https:\/\/udvarhely.fussneki.ro\/ro\/wp-json\/wp\/v2\/comments?post=582"}],"version-history":[{"count":28,"href":"https:\/\/udvarhely.fussneki.ro\/ro\/wp-json\/wp\/v2\/pages\/582\/revisions"}],"predecessor-version":[{"id":65328,"href":"https:\/\/udvarhely.fussneki.ro\/ro\/wp-json\/wp\/v2\/pages\/582\/revisions\/65328"}],"wp:attachment":[{"href":"https:\/\/udvarhely.fussneki.ro\/ro\/wp-json\/wp\/v2\/media?parent=582"}],"curies":[{"name":"wp","href":"https:\/\/api.w.org\/{rel}","templated":true}]}}