{"id":597,"date":"2023-07-11T08:42:33","date_gmt":"2023-07-11T06:42:33","guid":{"rendered":"https:\/\/udvarhely.fussneki.ro\/onkentes-regisztracio\/"},"modified":"2023-08-25T11:10:36","modified_gmt":"2023-08-25T09:10:36","slug":"inregistrare-ca-voluntar","status":"publish","type":"page","link":"https:\/\/udvarhely.fussneki.ro\/ro\/inregistrare-ca-voluntar\/","title":{"rendered":"\u00cenregistrare ca voluntar"},"content":{"rendered":"<div id=\"block_64ad15e8a946a\" class=\"volunteer-registration-form-block wp-block-acf-volunteer-registration-form-block alignfull\">\n  <div class=\"container bg-white p-5\">\n          \n\n\t\t<form id=\"acf-form\" class=\"acf-form\" action=\"\" method=\"post\">\n\t\t\t\t\t<div id=\"acf-form-data\" class=\"acf-hidden\">\n\t\t<input type=\"hidden\" id=\"_acf_screen\" name=\"_acf_screen\" value=\"acf_form\"\/><input type=\"hidden\" id=\"_acf_post_id\" name=\"_acf_post_id\" value=\"new_post\"\/><input type=\"hidden\" id=\"_acf_validation\" name=\"_acf_validation\" value=\"1\"\/><input type=\"hidden\" id=\"_acf_form\" name=\"_acf_form\" value=\"YS9COUhMRWptbGU0WERibzNSQUpuRCtWWDBuWVF3U0J5ckhIMGtBSnhHdUIzczJ3dzRYNWJ4VncrTW50L2FPRmpITHRlK2JaUkJnRFBxbEJBc01Gb0U0NGdNTWl6UEJYa0plRGE0RU5KMkV1aTFlYmthUlZ5bk1YV3hXNlBMendtS0w1YXV6TkRFUW4zUlNua25TdFBwZXg2bGZBUGR3R2Q5ZGx0Vjg1MVB3YWV3OS9JOWg5VnNHQ3Z4N2pKN2FBTGxLeERiZHcvaGlhOGpyWU8xMy95NW0zQWQ0TDlIUjdZUWRMVDMrSFR4TDVyTEdxamYwWW5RaTNJeWtzYXhLNnhiajhnMmVWT0FDdjdXYnczckxqdEN2SCtLemptU3QvWGU3MWFSbEpneWdPVmIySjY5bGg3WkY5UHgzMEhuT2tZTGg0azZzelkrY3ZWR3dHMlg1dnlpZlhtaUtZQ2NMTXpnYUJJRmVXV1pmU20raElUWTk5TEd6SXlEclFuRTA2Z1pBQUxYdVF4VTBkc2crODdjZktETVI4NXpLWStPOWNwY2ZlbHhZVkhCa1ZFSnJMaXkvellETUNUOEVSR0Z3cEUzSXhsY0ZIVm84cnoxa0F5bHQvZjNNS0hicDNEU2loN1Zha1JBMXhaaFNLanFybEFpSE9DdnU2MzNML1VTKzZ2bEppU2UvUXpmTEdCZ1VaNkV4VkN6Mko2TE1lYXhZWmVqZ2VGREExYy9BYzdOSDlhV3NOeGVUWmJXVFV4Q0g1MHBmWDF6VCt0M2tqOFRLQ200dkdRaWRiTGMxd3p6MFN4ZGFlWlRvL1hqWGlZSVU2eklVOHZEYXJxMFNsT0wrdEdSZHh3UzhURU5qNjNZMUVzUXlOeVVxejQ4SllUZXFWc2lnbnoyNXFsdXFoQzd6K3RnTVFXN1R4YVJYQWF5R0RxZkJrTUhPc0tYc09Mam5kZmEyMHdVK0czajNsckFnZVBKMTJFcDRWTnN5WE1IQjBrbHRjR1ZnSm9zM0psUGRjK2ExVUQ3cDZOUEJQWW5CVkhVWng4aWNsdituTWlaVyt3Y1FCRXZmQVorb205OHJ4NWtNQlBPWGdXMDFxeUVNQ1RXK2ZaZHhzUUdEYU5WR1VmTktoM1MweTNONXBGZTFWemsrVlpENFIyL1h3YUswaGVyZ3NPWDBkTEw5dG1mNkZIRVZ4Z0ZiekNjSHlhMGZSTCt4WGZkaU9UNVVKSW90VTJCaHE5V0ZYeHpPaVAvaVFodWRJVm9DOGZTZzRnN1l1dWdONlQwdjQzc01HWDUyd0ptNm05UHBpaENkR0Fmd2doOG9Dai82UkxaTmw2NU9TZEtsQ1I0L1FjMjBueFZFWDFwV3MzSjVTQ3ZTSnpWN3dMa0JNTit6TTJIbEJlNURpTDZzejFMZHd3YjNPMTZGU3RGWU90Sjh2cmdFRWUxUHdKU2xiaGZETjQrdnZpZDhscG5rcGFWTG8yb0dyaUJuL0p3OTNla0RWOGZiM1dnc2ZQaFUwS3BxNkN4V1BtUDVUbFdJb3NXUHprOG5vMXpXYkU5WVFlREJKWWRKRzZpTFJkSk5nTTl3dVlwUW1FcDlsbUZubU9jMG8ybUVzWjJwR3dKb3ZTUEFMWFFNNEFDT2RDbWpIQW4vVnhRbElqdVRIcVVXZHBqM1VveU8yWUZacWMrb3hrNjJobnBCUTdVQzQrU1QrTjZ2YndZNjZ3SFBJbllGb3pJYUxtMVVBaGxIZnlFMGRBZGw4YnVJbm5GVW9uSlVqRTVTNkp1U3F3UngybHBOeUV1blcwSWcvdUMyajY0b05aaXBLYTBjbGxTRjN3RHVGbnI0endZZVdnQVRUTUhHT29QNS83N1RBOC9MMStxLzVlMS8yd0VFU0J5VnJoNU9ZWm9EaDVVR0MzcUtHbzN5bzY4ejZCNzBMWXl4MmRpemxRRVRkYXZUc0NJR2wyUVpLSWZwWllVeEd4eUdxTGhxZS8weWRZSkozSStkVXJXYWN5aXRPMVJiV1hac25yOFhQYjN3OWlLTnpqbTZHOjorALCPLdgGN9rtWaJMAfT7\"\/><input type=\"hidden\" id=\"_acf_nonce\" name=\"_acf_nonce\" value=\"9e262450fa\"\/><input type=\"hidden\" id=\"_acf_changed\" name=\"_acf_changed\" value=\"0\"\/>\t<\/div>\n\t\t\t\t<div class=\"acf-fields acf-form-fields -top row\">\n\t\t\t\t\t\t\t\t<div class=\"acf-field acf-field-text acf-field-63bfdfaa46ef1 is-required form-row border-0 d-flex flex-column justify-content-between col-md-6\" data-name=\"volunteer_name\" data-type=\"text\" data-key=\"field_63bfdfaa46ef1\" data-required=\"1\" data-width=\"50\">\n<div class=\"acf-label\">\n<label for=\"acf-field_63bfdfaa46ef1\">Nume <span class=\"acf-required\">*<\/span><\/label><\/div>\n<div class=\"acf-input\">\n<div class=\"acf-input-wrap\"><input type=\"text\" id=\"acf-field_63bfdfaa46ef1\" class=\"form-control\" name=\"acf[field_63bfdfaa46ef1]\" required=\"required\"\/><\/div><\/div>\n<\/div>\n<div class=\"acf-field acf-field-text acf-field-63bfdfd746ef3 is-required form-row border-0 d-flex flex-column justify-content-between col-md-6\" data-name=\"address\" data-type=\"text\" data-key=\"field_63bfdfd746ef3\" data-required=\"1\" data-width=\"50\">\n<div class=\"acf-label\">\n<label for=\"acf-field_63bfdfd746ef3\">Adresa <span class=\"acf-required\">*<\/span><\/label><\/div>\n<div class=\"acf-input\">\n<div class=\"acf-input-wrap\"><input type=\"text\" id=\"acf-field_63bfdfd746ef3\" class=\"form-control\" name=\"acf[field_63bfdfd746ef3]\" required=\"required\"\/><\/div><\/div>\n<\/div>\n<div class=\"acf-field acf-field-number acf-field-63bfdfe946ef4 is-required form-row border-0 d-flex flex-column justify-content-between col-md-6\" data-name=\"telephone\" data-type=\"number\" data-key=\"field_63bfdfe946ef4\" data-required=\"1\" data-width=\"50\">\n<div class=\"acf-label\">\n<label for=\"acf-field_63bfdfe946ef4\">Num\u0103r telefon <span class=\"acf-required\">*<\/span><\/label><\/div>\n<div class=\"acf-input\">\n<div class=\"acf-input-wrap\"><input type=\"number\" id=\"acf-field_63bfdfe946ef4\" class=\"form-control\" name=\"acf[field_63bfdfe946ef4]\" step=\"any\" required=\"required\"\/><\/div><\/div>\n<\/div>\n<div class=\"acf-field acf-field-text acf-field-63bfdff946ef5 is-required form-row border-0 d-flex flex-column justify-content-between col-md-6\" data-name=\"email\" data-type=\"text\" data-key=\"field_63bfdff946ef5\" data-required=\"1\" data-width=\"50\">\n<div class=\"acf-label\">\n<label for=\"acf-field_63bfdff946ef5\">E-mail <span class=\"acf-required\">*<\/span><\/label><\/div>\n<div class=\"acf-input\">\n<div class=\"acf-input-wrap\"><input type=\"text\" id=\"acf-field_63bfdff946ef5\" class=\"form-control\" name=\"acf[field_63bfdff946ef5]\" required=\"required\"\/><\/div><\/div>\n<\/div>\n<div class=\"acf-field acf-field-number acf-field-63ea353cd6e01 is-required form-row border-0 d-flex flex-column justify-content-between col-md-6\" data-name=\"volunteer_age\" data-type=\"number\" data-key=\"field_63ea353cd6e01\" data-required=\"1\" data-width=\"50\">\n<div class=\"acf-label\">\n<label for=\"acf-field_63ea353cd6e01\">V\u00e2rsta voluntarului <span class=\"acf-required\">*<\/span><\/label><\/div>\n<div class=\"acf-input\">\n<div class=\"acf-input-wrap\"><input type=\"number\" id=\"acf-field_63ea353cd6e01\" class=\"form-control\" name=\"acf[field_63ea353cd6e01]\" min=\"0\" max=\"120\" step=\"any\" required=\"required\"\/><\/div><\/div>\n<\/div>\n<div class=\"acf-field acf-field-select acf-field-63e233f22a14c is-required form-row border-0 d-flex flex-column justify-content-between col-md-6\" data-name=\"volunteer_gender\" data-type=\"select\" data-key=\"field_63e233f22a14c\" data-required=\"1\" data-width=\"50\">\n<div class=\"acf-label\">\n<label for=\"acf-field_63e233f22a14c\">Sexul voluntarului <span class=\"acf-required\">*<\/span><\/label><\/div>\n<div class=\"acf-input\">\n<input type=\"hidden\" id=\"acf-field_63e233f22a14c-input\" name=\"acf[field_63e233f22a14c]\"\/><select id=\"acf-field_63e233f22a14c\" class=\"form-select\" name=\"acf[field_63e233f22a14c]\" data-ui=\"1\" data-ajax=\"0\" data-multiple=\"0\" data-placeholder=\"Selecteaz\u0103\" data-allow_null=\"1\"><option value=\"\" selected=\"selected\" data-i=\"0\">&#8211; Selecteaz\u0103 &#8211;<\/option><option value=\"female\">Femeie<\/option><option value=\"male\">B\u0103rbat<\/option><\/select><\/div>\n<\/div>\n<div class=\"acf-field acf-field-radio acf-field-63e2345d2a14d is-required form-row border-0 d-flex flex-column justify-content-between col-md-6\" data-name=\"volunteer_shirt_size\" data-type=\"radio\" data-key=\"field_63e2345d2a14d\" data-required=\"1\" data-width=\"50\">\n<div class=\"acf-label\">\n<label for=\"acf-field_63e2345d2a14d\">M\u0103rimea tricoului t\u0103u (Tabelul de dimensiuni poate fi g\u0103sit <a href=\"https:\/\/udvarhely.fussneki.ro\/ro\/tabel-de-marimi-pentru-tricouri\/\" target=\"_blank\">aici<\/a>) <span class=\"acf-required\">*<\/span><\/label><\/div>\n<div class=\"acf-input\">\n<input type=\"hidden\" name=\"acf[field_63e2345d2a14d]\"\/><ul class=\"acf-radio-list acf-hl form-check-radio-input\" data-allow_null=\"0\" data-other_choice=\"0\"><li><label class=\"selected\"><input type=\"radio\" id=\"acf-field_63e2345d2a14d-adult\" name=\"acf[field_63e2345d2a14d]\" value=\"adult\" checked=\"checked\"\/>M\u0103rimi adul\u021bi<\/label><\/li><li><label><input type=\"radio\" id=\"acf-field_63e2345d2a14d-child\" name=\"acf[field_63e2345d2a14d]\" value=\"child\"\/>M\u0103rimi copii<\/label><\/li><\/ul><\/div>\n<\/div>\n<div class=\"acf-field acf-field-select acf-field-63e234a82a14e is-required form-row border-0 d-flex flex-column justify-content-between col-md-6\" data-name=\"adult_female_volunteer_shirt_sizes\" data-type=\"select\" data-key=\"field_63e234a82a14e\" data-required=\"1\" data-width=\"50\" data-conditions=\"[[{&quot;field&quot;:&quot;field_63e233f22a14c&quot;,&quot;operator&quot;:&quot;==&quot;,&quot;value&quot;:&quot;female&quot;},{&quot;field&quot;:&quot;field_63e2345d2a14d&quot;,&quot;operator&quot;:&quot;==&quot;,&quot;value&quot;:&quot;adult&quot;}]]\">\n<div class=\"acf-label\">\n<label for=\"acf-field_63e234a82a14e\">M\u0103rimi tricou pentru femei <span class=\"acf-required\">*<\/span><\/label><\/div>\n<div class=\"acf-input\">\n<select id=\"acf-field_63e234a82a14e\" class=\"form-select\" name=\"acf[field_63e234a82a14e]\" data-ui=\"0\" data-ajax=\"0\" data-multiple=\"0\" data-placeholder=\"Selecteaz\u0103\" data-allow_null=\"0\"><option value=\"s\">S<\/option><option value=\"m\">M<\/option><option value=\"l\">L<\/option><option value=\"xl\">XL<\/option><option value=\"xxl\">XXL<\/option><\/select><\/div>\n<\/div>\n<div class=\"acf-field acf-field-select acf-field-63e234ec2a150 is-required form-row border-0 d-flex flex-column justify-content-between col-md-6\" data-name=\"adult_male_volunteer_shirt_sizes\" data-type=\"select\" data-key=\"field_63e234ec2a150\" data-required=\"1\" data-width=\"50\" data-conditions=\"[[{&quot;field&quot;:&quot;field_63e233f22a14c&quot;,&quot;operator&quot;:&quot;==&quot;,&quot;value&quot;:&quot;male&quot;},{&quot;field&quot;:&quot;field_63e2345d2a14d&quot;,&quot;operator&quot;:&quot;==&quot;,&quot;value&quot;:&quot;adult&quot;}]]\">\n<div class=\"acf-label\">\n<label for=\"acf-field_63e234ec2a150\">M\u0103rimi tricou pentru b\u0103rba\u021bi <span class=\"acf-required\">*<\/span><\/label><\/div>\n<div class=\"acf-input\">\n<select id=\"acf-field_63e234ec2a150\" class=\"form-select\" name=\"acf[field_63e234ec2a150]\" data-ui=\"0\" data-ajax=\"0\" data-multiple=\"0\" data-placeholder=\"Selecteaz\u0103\" data-allow_null=\"0\"><option value=\"s\">S<\/option><option value=\"m\">M<\/option><option value=\"l\">L<\/option><option value=\"xl\">XL<\/option><option value=\"xxl\">XXL<\/option><option value=\"xxxl\">XXXL<\/option><\/select><\/div>\n<\/div>\n<div class=\"acf-field acf-field-select acf-field-63e235112a151 is-required form-row border-0 d-flex flex-column justify-content-between col-md-6\" data-name=\"child_volunteer_shirt_sizes\" data-type=\"select\" data-key=\"field_63e235112a151\" data-required=\"1\" data-width=\"50\" data-conditions=\"[[{&quot;field&quot;:&quot;field_63e2345d2a14d&quot;,&quot;operator&quot;:&quot;==&quot;,&quot;value&quot;:&quot;child&quot;}]]\">\n<div class=\"acf-label\">\n<label for=\"acf-field_63e235112a151\">M\u0103rimi copii <span class=\"acf-required\">*<\/span><\/label><\/div>\n<div class=\"acf-input\">\n<select id=\"acf-field_63e235112a151\" class=\"form-select\" name=\"acf[field_63e235112a151]\" data-ui=\"0\" data-ajax=\"0\" data-multiple=\"0\" data-placeholder=\"Selecteaz\u0103\" data-allow_null=\"0\"><option value=\"4\">4 ani<\/option><option value=\"8\">8 ani<\/option><option value=\"12\">12 ani<\/option><option value=\"16\">16 ani<\/option><\/select><\/div>\n<\/div>\n<div class=\"acf-field acf-field-post-object acf-field-63bfe00b46ef6 form-row border-0 d-flex flex-column justify-content-between\" data-name=\"organization\" data-type=\"post_object\" data-key=\"field_63bfe00b46ef6\">\n<div class=\"acf-label\">\n<label for=\"acf-field_63bfe00b46ef6\">Organiza\u021bia (dac\u0103 \u0219tii deja pentru ce organiza\u021bie vei fi voluntar)<\/label><\/div>\n<div class=\"acf-input\">\n<input type=\"hidden\" id=\"acf-field_63bfe00b46ef6-input\" name=\"acf[field_63bfe00b46ef6]\"\/><select id=\"acf-field_63bfe00b46ef6\" class=\"form-control\" name=\"acf[field_63bfe00b46ef6]\" data-ui=\"1\" data-ajax=\"1\" data-multiple=\"0\" data-placeholder=\"Selecteaz\u0103\" data-allow_null=\"0\"><\/select><\/div>\n<\/div>\n<div class=\"acf-field acf-field-textarea acf-field-63bfe02c46ef7 form-row border-0 d-flex flex-column justify-content-between\" data-name=\"notes\" data-type=\"textarea\" data-key=\"field_63bfe02c46ef7\">\n<div class=\"acf-label\">\n<label for=\"acf-field_63bfe02c46ef7\">Alte observa\u021bii<\/label><\/div>\n<div class=\"acf-input\">\n<textarea id=\"acf-field_63bfe02c46ef7\" class=\"form-control\" name=\"acf[field_63bfe02c46ef7]\" rows=\"8\"><\/textarea><\/div>\n<\/div>\n<div class=\"acf-field acf-field-checkbox acf-field-acf-rules-and-conditions-field is-required form-row border-0 d-flex flex-column justify-content-between\" data-name=\"acf_rules_and_conditions\" data-type=\"checkbox\" data-key=\"acf_rules_and_conditions_field\" data-required=\"1\">\n<div class=\"acf-label\">\n<label for=\"acf-acf_rules_and_conditions_field\">Politica \u0219i regulile de confiden\u021bialitate <span class=\"acf-required\">*<\/span><\/label><\/div>\n<div class=\"acf-input\">\n<input type=\"hidden\" name=\"acf[acf_rules_and_conditions_field]\"\/><ul class=\"acf-checkbox-list acf-hl form-check-radio-input\">\n<li><label><input type=\"checkbox\" id=\"acf-acf_rules_and_conditions_field-yes\" name=\"acf[acf_rules_and_conditions_field][]\" value=\"yes\"\/> Am citit \u0219i am acceptat <a href=\"https:\/\/udvarhely.fussneki.ro\/a-fuss-neki-udvarhely-program-adatvedelmi-szabalyzata\/\" target=\"_blank\">politic\u0103 de confiden\u021bialitate<\/a> \u0219i <a href=\"https:\/\/udvarhely.fussneki.ro\/ro\/regulament\/\" target=\"_blank\">reguli<\/a> <span class=\"acf-required fs-90\">*<\/span><\/label><\/li>\n<\/ul>\n<\/div>\n<\/div>\n<div class=\"acf-field acf-field-text acf-field--validate-email form-row border-0 d-flex flex-column justify-content-between\" style=\"display:none !important;\" data-name=\"_validate_email\" data-type=\"text\" data-key=\"_validate_email\">\n<div class=\"acf-label\">\n<label for=\"acf-_validate_email\">Validare email<\/label><\/div>\n<div class=\"acf-input\">\n<div class=\"acf-input-wrap\"><input type=\"text\" id=\"acf-_validate_email\" class=\"form-control\" name=\"acf[_validate_email]\"\/><\/div><\/div>\n<\/div>\n\t\t\t\t\t\t\t<\/div>\n\t\t\t\t\t\t<div class=\"acf-form-submit\">\n\t\t\t\t<input type=\"submit\" class=\"acf-button btn btn-primary\" value=\"\u00cenregistrare\" \/>\t\t\t\t<span class=\"acf-spinner\"><\/span>\t\t\t<\/div>\n\t\t<\/form>\n\t\t      <\/div>\n<\/div>","protected":false},"excerpt":{"rendered":"","protected":false},"author":1,"featured_media":0,"parent":0,"menu_order":0,"comment_status":"closed","ping_status":"closed","template":"","meta":{"footnotes":""},"class_list":["post-597","page","type-page","status-publish","hentry"],"_links":{"self":[{"href":"https:\/\/udvarhely.fussneki.ro\/ro\/wp-json\/wp\/v2\/pages\/597","targetHints":{"allow":["GET"]}}],"collection":[{"href":"https:\/\/udvarhely.fussneki.ro\/ro\/wp-json\/wp\/v2\/pages"}],"about":[{"href":"https:\/\/udvarhely.fussneki.ro\/ro\/wp-json\/wp\/v2\/types\/page"}],"author":[{"embeddable":true,"href":"https:\/\/udvarhely.fussneki.ro\/ro\/wp-json\/wp\/v2\/users\/1"}],"replies":[{"embeddable":true,"href":"https:\/\/udvarhely.fussneki.ro\/ro\/wp-json\/wp\/v2\/comments?post=597"}],"version-history":[{"count":7,"href":"https:\/\/udvarhely.fussneki.ro\/ro\/wp-json\/wp\/v2\/pages\/597\/revisions"}],"predecessor-version":[{"id":1232,"href":"https:\/\/udvarhely.fussneki.ro\/ro\/wp-json\/wp\/v2\/pages\/597\/revisions\/1232"}],"wp:attachment":[{"href":"https:\/\/udvarhely.fussneki.ro\/ro\/wp-json\/wp\/v2\/media?parent=597"}],"curies":[{"name":"wp","href":"https:\/\/api.w.org\/{rel}","templated":true}]}}