{"id":599,"date":"2023-07-11T08:44:22","date_gmt":"2023-07-11T06:44:22","guid":{"rendered":"https:\/\/udvarhely.fussneki.ro\/onkentesek\/"},"modified":"2025-07-11T13:08:15","modified_gmt":"2025-07-11T11:08:15","slug":"voluntari","status":"publish","type":"page","link":"https:\/\/udvarhely.fussneki.ro\/ro\/voluntari\/","title":{"rendered":"Voluntari"},"content":{"rendered":"<div id=\"block_64ad161c7e3ba\" class=\"page-banner-block wp-block-acf-page-banner-block alignfull\">\n  <div class=\"bg-container position-relative\">\n    <div class=\"bg-image\">\n            <img decoding=\"async\" width=\"1920\" height=\"480\" src=\"https:\/\/udvarhely.fussneki.ro\/wp-content\/uploads\/2023\/07\/onkentes.png\" class=\"img-fluid w-100\" alt=\"Fuss NEKI! Udvarhely\" srcset=\"https:\/\/udvarhely.fussneki.ro\/wp-content\/uploads\/2023\/07\/onkentes.png 1920w, https:\/\/udvarhely.fussneki.ro\/wp-content\/uploads\/2023\/07\/onkentes-300x75.png 300w, https:\/\/udvarhely.fussneki.ro\/wp-content\/uploads\/2023\/07\/onkentes-1024x256.png 1024w, https:\/\/udvarhely.fussneki.ro\/wp-content\/uploads\/2023\/07\/onkentes-768x192.png 768w, https:\/\/udvarhely.fussneki.ro\/wp-content\/uploads\/2023\/07\/onkentes-1536x384.png 1536w, https:\/\/udvarhely.fussneki.ro\/wp-content\/uploads\/2023\/07\/onkentes-600x150.png 600w\" sizes=\"(max-width: 1920px) 100vw, 1920px\" \/>\n          <\/div>\n    <div class=\"bg-overlay absolute-inset\"><\/div>\n    <div class=\"container absolute-inset d-flex align-items-center flex-wrap\">\n      <div>\n                <h1 class=\"main-banner-title fw-900\">\n          Fii \u0219i tu voluntar<br \/>\r\nla Run for IT! Odorhei<br \/>\r\n\u2013 Edi\u021bia 12!<br \/>\r\n        <\/h1>\n                          <div class=\"banner-logo\">\n            <img decoding=\"async\" width=\"1766\" height=\"1034\" src=\"https:\/\/udvarhely.fussneki.ro\/wp-content\/uploads\/2025\/07\/logo_fussneki_25.webp\" class=\"img-fluid w-100\" alt=\"Fuss NEKI! Udvarhely\" srcset=\"https:\/\/udvarhely.fussneki.ro\/wp-content\/uploads\/2025\/07\/logo_fussneki_25.webp 1766w, https:\/\/udvarhely.fussneki.ro\/wp-content\/uploads\/2025\/07\/logo_fussneki_25-300x176.webp 300w, https:\/\/udvarhely.fussneki.ro\/wp-content\/uploads\/2025\/07\/logo_fussneki_25-1024x600.webp 1024w, https:\/\/udvarhely.fussneki.ro\/wp-content\/uploads\/2025\/07\/logo_fussneki_25-768x450.webp 768w, https:\/\/udvarhely.fussneki.ro\/wp-content\/uploads\/2025\/07\/logo_fussneki_25-1536x899.webp 1536w, https:\/\/udvarhely.fussneki.ro\/wp-content\/uploads\/2025\/07\/logo_fussneki_25-600x351.webp 600w\" sizes=\"(max-width: 1766px) 100vw, 1766px\" \/>\n          <\/div>\n              <\/div>\n    <\/div>\n  <\/div>\n<\/div><div id=\"block_64ad162a7e3bb\" class=\"custom-text-block wp-block-acf-custom-text-block alignfull  py-5\">\n  <div class=\"container\">\n          <\/div>\n<\/div><div id=\"block_64ad16377e3bc\" class=\"custom-text-block wp-block-acf-custom-text-block alignfull  bg-grey-200  py-5\">\n  <div class=\"container\">\n            <div class=\"rule-content\">\n      <h2><b>Cum po\u021bi s\u0103 te \u00eenscrii?<\/b><\/h2>\n<p>&nbsp;<\/p>\n<ul>\n<li style=\"font-weight: 400;\" aria-level=\"1\"><span style=\"font-weight: 400;\">Dac\u0103 te-ai decis c\u0103 vrei s\u0103 te al\u0103turi echipei de organizare celei de-a 14-lea edi\u021bii <\/span><span style=\"font-weight: 400;\">Run for IT! Odorhei<\/span><span style=\"font-weight: 400;\">, tot ce trebuie s\u0103 faci este s\u0103 completezi formularul de mai jos.<\/span><\/li>\n<li style=\"font-weight: 400;\" aria-level=\"1\"><span style=\"font-weight: 400;\">Dup\u0103 aceea, vei fi contactat de unul dintre colegii no\u0219tri pentru a discuta mai multe<\/span><span style=\"font-weight: 400;\"><br \/>\n<\/span><span style=\"font-weight: 400;\"><span style=\"font-weight: 400;\">detalii (de exemplu, alegerea sarcinilor, programul, contractul, etc.). Cont\u0103m pe tine!<\/span><\/span><a class=\"btn btn-primary\" href=\"https:\/\/udvarhely.fussneki.ro\/ro\/inregistrare-ca-voluntar\/\">M\u0103 \u00eenregistrez<\/a><\/p>\n<p>&nbsp;<\/li>\n<\/ul>\n    <\/div>\n      <\/div>\n<\/div><div id=\"block_64ad16457e3bd\" class=\"custom-text-block wp-block-acf-custom-text-block alignfull  bg-white  py-5\">\n  <div class=\"container\">\n        <div id=\"onkentes\">\n            <h1 class=\"fn-green\">\n        01      <\/h1>\n          <\/div>\n            <div class=\"rule-content\">\n      <h2><b><i>Cine poate fi voluntar?<\/i><\/b><\/h2>\n<p><span style=\"font-weight: 400;\">\u00a0<\/span><\/p>\n<p><span style=\"font-weight: 400;\">Oricine poate fi voluntar, indiferent de v\u00e2rst\u0103, gen, religie, convingeri politice sau de<\/span><span style=\"font-weight: 400;\"><br \/>\n<\/span><span style=\"font-weight: 400;\">alt\u0103 natur\u0103. Este important, \u00eens\u0103, ca voluntarul s\u0103 locuiasc\u0103 sau s\u0103 aib\u0103 re\u0219edin\u021ba \u00een<\/span><span style=\"font-weight: 400;\"><br \/>\n<\/span><span style=\"font-weight: 400;\">Odorheiu Secuiesc<\/span><span style=\"font-weight: 400;\">, sau \u00een apropiere.<\/span><\/p>\n<p><span style=\"font-weight: 400;\">\u00a0<\/span><\/p>\n<h2><b><i>Ce \u00eenseamn\u0103<\/i><\/b><b><i><br \/>\n<\/i><\/b><b><i>voluntariatul?<\/i><\/b><\/h2>\n<p>&nbsp;<\/p>\n<p><span style=\"font-weight: 400;\">Voluntariatul este o activitate voluntar\u0103 \u00een beneficiul comunit\u0103\u021bii, f\u0103r\u0103 plat\u0103 sau<\/span><span style=\"font-weight: 400;\"><br \/>\n<\/span><span style=\"font-weight: 400;\">remunera\u021bie. Voluntariatul necesit\u0103 \u00een primul r\u00e2nd determinare, perseveren\u021b\u0103 \u0219i<\/span><span style=\"font-weight: 400;\"><br \/>\n<\/span><span style=\"font-weight: 400;\">motiva\u021bie. Dac\u0103 le ai pe toate acestea, tot ce trebuie s\u0103 faci este s\u0103 te \u00eenscrii la<\/span><span style=\"font-weight: 400;\"><br \/>\n<\/span><span style=\"font-weight: 400;\">echipa de voluntari <\/span><span style=\"font-weight: 400;\">Run for IT! Odorhei.<\/span><\/p>\n    <\/div>\n      <\/div>\n<\/div><div id=\"block_64ad16557e3be\" class=\"custom-text-block wp-block-acf-custom-text-block alignfull  bg-grey-200  py-5\">\n  <div class=\"container\">\n        <div id=\"onkentes\">\n            <h1 class=\"fn-green\">\n        02      <\/h1>\n          <\/div>\n            <div class=\"rule-content\">\n      <h2><b><i>Unde \u0219i la ce po\u021bi voluntaria?<\/i><\/b><\/h2>\n<p><span style=\"font-weight: 400;\">\u00a0<\/span><\/p>\n<p><span style=\"font-weight: 400;\">Alegerea domeniului potrivit este foarte important\u0103, deoarece te po\u021bi distra doar dac\u0103<\/span><span style=\"font-weight: 400;\"><br \/>\n<\/span><span style=\"font-weight: 400;\">\u00ee\u021bi place ceea ce faci. Pentru unele posturi de voluntariat, competen\u021bele profesionale,<\/span><span style=\"font-weight: 400;\"><br \/>\n<\/span><span style=\"font-weight: 400;\">cuno\u0219tin\u021bele \u0219i experien\u021ba \u00een domeniu constituie un avantaj.<\/span><\/p>\n<p><span style=\"font-weight: 400;\">\u00a0<\/span><\/p>\n<h2><b><i>\u00cen cazul Run for IT! Odorhei \u2013 Edi\u021bia 12, candida\u021bii pot alege dintre urm\u0103toarele sarcini:<\/i><\/b><\/h2>\n<p><span style=\"font-weight: 400;\">\u00a0<\/span><\/p>\n<ul>\n<li style=\"font-weight: 400;\" aria-level=\"1\"><span style=\"font-weight: 400;\">administrarea dona\u021biilor (de exemplu, primirea \u0219i \u00eenregistrarea pl\u0103\u021bilor \u00een numerar,<\/span><span style=\"font-weight: 400;\"><br \/>\n<\/span><span style=\"font-weight: 400;\">verificarea primirii dona\u021biilor)<\/span><\/li>\n<li style=\"font-weight: 400;\" aria-level=\"1\"><span style=\"font-weight: 400;\">sarcini de comunicare (de exemplu, brainstorming, produc\u021bie de con\u021binut, publicare)<\/span><\/li>\n<li style=\"font-weight: 400;\" aria-level=\"1\"><span style=\"font-weight: 400;\">organizarea reuniunilor \u0219i a evenimentelor organizate \u00een cadrul programului (de<\/span><span style=\"font-weight: 400;\"><br \/>\n<\/span><span style=\"font-weight: 400;\">exemplu, preg\u0103tirea locului de desf\u0103\u0219urare, instalarea \u0219i gestionarea echipamentului<\/span><span style=\"font-weight: 400;\"><br \/>\n<\/span><span style=\"font-weight: 400;\">tehnic, cump\u0103r\u0103turi)<\/span><\/li>\n<li style=\"font-weight: 400;\" aria-level=\"1\"><span style=\"font-weight: 400;\">\u00a0sarcini organizatorice legate de ziua evenimentului (de exemplu, \u00eentocmirea<\/span><span style=\"font-weight: 400;\"><br \/>\n<\/span><span style=\"font-weight: 400;\">pachetelor de pornire)<\/span><\/li>\n<li style=\"font-weight: 400;\" aria-level=\"1\"><span style=\"font-weight: 400;\">\u00a0sarcini logistice legate de ziua evenimentului (de exemplu, ridicarea corturilor,<\/span><span style=\"font-weight: 400;\"><br \/>\n<\/span><span style=\"font-weight: 400;\">marcarea \u0219i securizarea traseelor, transportul \u0219i plasarea materialelor tip\u0103rite)<\/span><\/li>\n<\/ul>\n    <\/div>\n      <\/div>\n<\/div><div id=\"block_64ad3fdb9c127\" class=\"custom-text-block wp-block-acf-custom-text-block alignfull  bg-white  py-5\">\n  <div class=\"container\">\n            <div class=\"rule-content\">\n      <h2><b><i>Ce ai de c\u00e2\u0219tigat de pe urma voluntariatului?<\/i><\/b><b><i><br \/>\n<\/i><\/b><b><i>Ce \u00ee\u021bi poate oferi voluntariatul?<\/i><\/b><\/h2>\n<p><span style=\"font-weight: 400;\">\u00a0<\/span><\/p>\n<ul>\n<li style=\"font-weight: 400;\" aria-level=\"1\"><span style=\"font-weight: 400;\">o echip\u0103, prieteni, cuno\u0219tin\u021be, comunitate<\/span><\/li>\n<li style=\"font-weight: 400;\" aria-level=\"1\"><span style=\"font-weight: 400;\">experien\u021be noi<\/span><\/li>\n<li style=\"font-weight: 400;\" aria-level=\"1\"><span style=\"font-weight: 400;\">cuno\u0219tin\u021be noi<\/span><\/li>\n<li style=\"font-weight: 400;\" aria-level=\"1\"><span style=\"font-weight: 400;\">o oportunitate de autocunoa\u0219tere<\/span><\/li>\n<li style=\"font-weight: 400;\" aria-level=\"1\"><span style=\"font-weight: 400;\">o posibilitate de a-\u021bi petrece timpul liber \u00eentr-un mod util \u0219i activ<\/span><\/li>\n<li style=\"font-weight: 400;\" aria-level=\"1\"><span style=\"font-weight: 400;\">s\u0103 \u00eencerci lucruri pe care nu ai ocazia s\u0103 le faci \u00een fiecare zi<\/span><\/li>\n<li style=\"font-weight: 400;\" aria-level=\"1\"><span style=\"font-weight: 400;\">cunoa\u0219terea propriilor limite, grani\u021be<\/span><\/li>\n<li style=\"font-weight: 400;\" aria-level=\"1\"><span style=\"font-weight: 400;\">asumarea responsabilit\u0103\u021bii pentru anumite lucruri<\/span><\/li>\n<li style=\"font-weight: 400;\" aria-level=\"1\"><span style=\"font-weight: 400;\">\u00ee\u021bi po\u021bi \u00eencerca m\u00e2na \u00een diferite domenii care te pot ajuta mai t\u00e2rziu \u00een carier\u0103<\/span><\/li>\n<\/ul>\n<p><span style=\"font-weight: 400;\">Ast\u0103zi, voluntariatul este recunoscut ca experien\u021b\u0103 profesional\u0103 \u00een cele mai multe<\/span><span style=\"font-weight: 400;\"><br \/>\n<\/span><span style=\"font-weight: 400;\">locuri (de exemplu, admiterea la \u0219coal\u0103 sau la universitate, la colegiu, angajare).<\/span><\/p>\n<p><span style=\"font-weight: 400;\">Ca o dovad\u0103 a voluntariatului t\u0103u, vei primi un certificat la finalul programului.<\/span><\/p>\n    <\/div>\n      <\/div>\n<\/div>","protected":false},"excerpt":{"rendered":"","protected":false},"author":1,"featured_media":0,"parent":0,"menu_order":0,"comment_status":"closed","ping_status":"closed","template":"template-full-width.blade.php","meta":{"footnotes":""},"class_list":["post-599","page","type-page","status-publish","hentry"],"_links":{"self":[{"href":"https:\/\/udvarhely.fussneki.ro\/ro\/wp-json\/wp\/v2\/pages\/599","targetHints":{"allow":["GET"]}}],"collection":[{"href":"https:\/\/udvarhely.fussneki.ro\/ro\/wp-json\/wp\/v2\/pages"}],"about":[{"href":"https:\/\/udvarhely.fussneki.ro\/ro\/wp-json\/wp\/v2\/types\/page"}],"author":[{"embeddable":true,"href":"https:\/\/udvarhely.fussneki.ro\/ro\/wp-json\/wp\/v2\/users\/1"}],"replies":[{"embeddable":true,"href":"https:\/\/udvarhely.fussneki.ro\/ro\/wp-json\/wp\/v2\/comments?post=599"}],"version-history":[{"count":10,"href":"https:\/\/udvarhely.fussneki.ro\/ro\/wp-json\/wp\/v2\/pages\/599\/revisions"}],"predecessor-version":[{"id":65330,"href":"https:\/\/udvarhely.fussneki.ro\/ro\/wp-json\/wp\/v2\/pages\/599\/revisions\/65330"}],"wp:attachment":[{"href":"https:\/\/udvarhely.fussneki.ro\/ro\/wp-json\/wp\/v2\/media?parent=599"}],"curies":[{"name":"wp","href":"https:\/\/api.w.org\/{rel}","templated":true}]}}