{"id":611,"date":"2023-07-11T08:49:33","date_gmt":"2023-07-11T06:49:33","guid":{"rendered":"https:\/\/udvarhely.fussneki.ro\/szabalyzat\/"},"modified":"2025-07-11T13:05:24","modified_gmt":"2025-07-11T11:05:24","slug":"regulament","status":"publish","type":"page","link":"https:\/\/udvarhely.fussneki.ro\/ro\/regulament\/","title":{"rendered":"Regulament"},"content":{"rendered":"<div id=\"block_64ad16da07c91\" class=\"rules-banner-block wp-block-acf-rules-banner-block alignfull has-links\">\n  <div class=\"bg-container position-relative\">\n    <div class=\"bg-image\">\n            <img decoding=\"async\" width=\"2048\" height=\"480\" src=\"https:\/\/udvarhely.fussneki.ro\/wp-content\/uploads\/2023\/07\/hogyan-kell-1.png\" class=\"img-fluid w-100\" alt=\"Fuss NEKI! Udvarhely\" srcset=\"https:\/\/udvarhely.fussneki.ro\/wp-content\/uploads\/2023\/07\/hogyan-kell-1.png 2048w, https:\/\/udvarhely.fussneki.ro\/wp-content\/uploads\/2023\/07\/hogyan-kell-1-300x70.png 300w, https:\/\/udvarhely.fussneki.ro\/wp-content\/uploads\/2023\/07\/hogyan-kell-1-1024x240.png 1024w, https:\/\/udvarhely.fussneki.ro\/wp-content\/uploads\/2023\/07\/hogyan-kell-1-768x180.png 768w, https:\/\/udvarhely.fussneki.ro\/wp-content\/uploads\/2023\/07\/hogyan-kell-1-1536x360.png 1536w, https:\/\/udvarhely.fussneki.ro\/wp-content\/uploads\/2023\/07\/hogyan-kell-1-600x141.png 600w\" sizes=\"(max-width: 2048px) 100vw, 2048px\" \/>\n          <\/div>\n    <div class=\"bg-overlay absolute-inset\"><\/div>\n    <div class=\"container absolute-inset d-flex align-items-center flex-wrap\">\n      <div>\n                <h1 class=\"main-banner-title fw-900\">\n          Cum s\u0103<br \/>\r\nv\u0103 \u00eenscrie\u021bi?        <\/h1>\n                          <div class=\"banner-logo\">\n            <img decoding=\"async\" width=\"1766\" height=\"1034\" src=\"https:\/\/udvarhely.fussneki.ro\/wp-content\/uploads\/2025\/07\/logo_fussneki_25.webp\" class=\"img-fluid w-100\" alt=\"Fuss NEKI! Udvarhely\" srcset=\"https:\/\/udvarhely.fussneki.ro\/wp-content\/uploads\/2025\/07\/logo_fussneki_25.webp 1766w, https:\/\/udvarhely.fussneki.ro\/wp-content\/uploads\/2025\/07\/logo_fussneki_25-300x176.webp 300w, https:\/\/udvarhely.fussneki.ro\/wp-content\/uploads\/2025\/07\/logo_fussneki_25-1024x600.webp 1024w, https:\/\/udvarhely.fussneki.ro\/wp-content\/uploads\/2025\/07\/logo_fussneki_25-768x450.webp 768w, https:\/\/udvarhely.fussneki.ro\/wp-content\/uploads\/2025\/07\/logo_fussneki_25-1536x899.webp 1536w, https:\/\/udvarhely.fussneki.ro\/wp-content\/uploads\/2025\/07\/logo_fussneki_25-600x351.webp 600w\" sizes=\"(max-width: 1766px) 100vw, 1766px\" \/>\n          <\/div>\n              <\/div>\n    <\/div>\n        <div class=\"container links-container position-absolute start-0 end-0\">\n      <div class=\"row\">\n                  <div class=\"col-md bg-black py-5 px-5\">\n            <h5 class=\"fn-green mb-3\">01<\/h5>\n            <h5 class=\"text-white mb-1\">ONG-uri<\/h5>\n            <p class=\"text-white fw-700\">regulament<\/p>\n            <a href=\"#ong\"\n               target=\"_self\"\n               class=\"go-to fn-green d-inline-flex align-items-center\">\n              <span class=\"me-2\">Mai departe<\/span>\n              <span><svg class=\"arrow-down-icon\" width=\"25\" height=\"24\" viewBox=\"0 0 25 24\" fill=\"none\" xmlns=\"http:\/\/www.w3.org\/2000\/svg\">\n  <path class=\"arrow-down-icon-path\" d=\"M12.5 5V19\" stroke=\"#A3B92A\" stroke-width=\"2\" stroke-linecap=\"round\" stroke-linejoin=\"round\"\/>\n  <path class=\"arrow-down-icon-path\" d=\"M19.5 12L12.5 19L5.5 12\" stroke=\"#A3B92A\" stroke-width=\"2\" stroke-linecap=\"round\" stroke-linejoin=\"round\"\/>\n<\/svg><\/span>\n            <\/a>\n          <\/div>\n                  <div class=\"col-md bg-black py-5 px-5\">\n            <h5 class=\"fn-green mb-3\">02<\/h5>\n            <h5 class=\"text-white mb-1\">Ambasadori<\/h5>\n            <p class=\"text-white fw-700\">regulament<\/p>\n            <a href=\"#ambasadori\"\n               target=\"_self\"\n               class=\"go-to fn-green d-inline-flex align-items-center\">\n              <span class=\"me-2\">Mai departe<\/span>\n              <span><svg class=\"arrow-down-icon\" width=\"25\" height=\"24\" viewBox=\"0 0 25 24\" fill=\"none\" xmlns=\"http:\/\/www.w3.org\/2000\/svg\">\n  <path class=\"arrow-down-icon-path\" d=\"M12.5 5V19\" stroke=\"#A3B92A\" stroke-width=\"2\" stroke-linecap=\"round\" stroke-linejoin=\"round\"\/>\n  <path class=\"arrow-down-icon-path\" d=\"M19.5 12L12.5 19L5.5 12\" stroke=\"#A3B92A\" stroke-width=\"2\" stroke-linecap=\"round\" stroke-linejoin=\"round\"\/>\n<\/svg><\/span>\n            <\/a>\n          <\/div>\n                  <div class=\"col-md bg-black py-5 px-5\">\n            <h5 class=\"fn-green mb-3\">03<\/h5>\n            <h5 class=\"text-white mb-1\">Donatori<\/h5>\n            <p class=\"text-white fw-700\">regulament<\/p>\n            <a href=\"#donatori\"\n               target=\"_self\"\n               class=\"go-to fn-green d-inline-flex align-items-center\">\n              <span class=\"me-2\">Mai departe<\/span>\n              <span><svg class=\"arrow-down-icon\" width=\"25\" height=\"24\" viewBox=\"0 0 25 24\" fill=\"none\" xmlns=\"http:\/\/www.w3.org\/2000\/svg\">\n  <path class=\"arrow-down-icon-path\" d=\"M12.5 5V19\" stroke=\"#A3B92A\" stroke-width=\"2\" stroke-linecap=\"round\" stroke-linejoin=\"round\"\/>\n  <path class=\"arrow-down-icon-path\" d=\"M19.5 12L12.5 19L5.5 12\" stroke=\"#A3B92A\" stroke-width=\"2\" stroke-linecap=\"round\" stroke-linejoin=\"round\"\/>\n<\/svg><\/span>\n            <\/a>\n          <\/div>\n              <\/div>\n    <\/div>\n      <\/div>\n<\/div><div id=\"block_64ad16e507c92\" class=\"custom-text-block wp-block-acf-custom-text-block alignfull  bg-grey-200  py-5\">\n  <div class=\"container\">\n        <div id=\"ong\">\n            <h1 class=\"fn-green\">\n        01      <\/h1>\n          <\/div>\n            <div class=\"rule-content\">\n      <h2><b><i>Regulamentul privind organiza\u021biile neguvernamentale:<\/i><\/b><\/h2>\n<p><span style=\"font-weight: 400;\">1. <\/span>Programul este deschis oric\u0103rui ONG, al c\u0103rui formular de candidatur\u0103, depus p\u00e2n\u0103 la termenul limit\u0103, a fost acceptat de c\u0103tre Funda\u021bia Comunitar\u0103 din Odorheiu Secuiesc (FCOS).<\/p>\n<p><span style=\"font-weight: 400;\">2. FCOS<\/span><span style=\"font-weight: 400;\"> \u00ee\u0219i rezerv\u0103 dreptul de a selecta ONG-urile eligibile dintre aplican\u021bi.<\/span><\/p>\n<p>3. \u00cen cazul \u00een care o persoan\u0103 apar\u021bin\u00e2nd unei organiza\u021bii (conduc\u0103tor, membru) atac\u0103 sau aduce atingere reputa\u021biei Funda\u021biei Comunitare din Odorheiu Secuiesc \u00eentr-un mod nefondat \u0219i r\u0103u inten\u021bionat, funda\u021bia are dreptul de a revizui cazul \u0219i chiar de a exclude organiza\u021bia respectiv\u0103 din programele sale pentru o perioad\u0103 determinat\u0103 de timp.<\/p>\n<p>4. Proiectul trebuie s\u0103 serveasc\u0103 o cauz\u0103 specific\u0103 a comunit\u0103\u021bii, s\u0103 aib\u0103 un impact m\u0103surabil, s\u0103 genereze o schimbare \u00een via\u021ba comunit\u0103\u021bii \u0219i s\u0103 poat\u0103 fi realizat \u00een 3-6 luni (costuri de operare \u2260 cauza comunit\u0103\u021bii).<\/p>\n<p><span style=\"font-weight: 400;\">5. ONG-ul prime\u0219te 90% din banii pe care \u00eei str\u00e2nge de la <\/span><span style=\"font-weight: 400;\">Funda\u021bia Comunitar\u0103 din Odorheiu Secuiesc<\/span><span style=\"font-weight: 400;\"> pe baz\u0103 de contract, sub form\u0103 <\/span><span style=\"font-weight: 400;\">de finan\u021bare<\/span><span style=\"font-weight: 400;\">, \u0219i este r\u0103spunz\u0103tor \u00een fa\u021ba <\/span><span style=\"font-weight: 400;\">Funda\u021bi<\/span><span style=\"font-weight: 400;\">ei<\/span><span style=\"font-weight: 400;\"> Comunitar<\/span><span style=\"font-weight: 400;\">e<\/span><span style=\"font-weight: 400;\"> din Odorheiu Secuiesc<\/span><span style=\"font-weight: 400;\">. Durata de execu\u021bie a proiectelor nu trebuie s\u0103 dep\u0103\u0219easc\u0103, de preferin\u021b\u0103, 3- 6 luni. Aceasta poate fi extins\u0103 \u00een cazuri speciale.<\/span><\/p>\n    <\/div>\n      <\/div>\n<\/div><div id=\"block_64ad170307c94\" class=\"custom-text-block wp-block-acf-custom-text-block alignfull  bg-grey-200  py-5\">\n  <div class=\"container\">\n            <div class=\"rule-content\">\n      <h2><strong><i>\u00a0 \u00a0 Sarcinile ONG-ului:<\/i><\/strong><\/h2>\n<p><span style=\"font-weight: 400;\">\u00a0<\/span><\/p>\n<ul>\n<li style=\"font-weight: 400;\" aria-level=\"1\"><span style=\"font-weight: 400;\">Recruteaz\u0103 ambasadori (vezi calendarul). Respect\u0103 num\u0103rul de locuri rezervate ambasadorilor, adic\u0103 maximum 30 de ambasadori (alerg\u0103tori \u0219i bicicli\u0219ti \u2013 indiferent de reparti\u021bie).<\/span><\/li>\n<li style=\"font-weight: 400;\" aria-level=\"1\"><span style=\"font-weight: 400;\">Prime\u0219te \u0219i distribuie pachetul de pornire ambasadorilor s\u0103i.<\/span><\/li>\n<li style=\"font-weight: 400;\" aria-level=\"1\"><span style=\"font-weight: 400;\">\u021aine leg\u0103tura cu ambasadorii s\u0103i. \u00cei informeaz\u0103 cu privire la aspectele care \u00eei privesc. \u00cei informeaz\u0103 despre modalit\u0103\u021bile de colectare a dona\u021biilor \u0219i \u00eei ajut\u0103 s\u0103 colecteze dona\u021bii.<\/span><\/li>\n<li style=\"font-weight: 400;\" aria-level=\"1\"><span style=\"font-weight: 400;\">Organizeaz\u0103 \u0219i gestioneaz\u0103 campania de alergare, plimbare, biciclet\u0103 \u00een ziua evenimentului (<\/span><span style=\"font-weight: 400;\">04. octombrie 2025<\/span><span style=\"font-weight: 400;\">) pentru ambasadorii s\u0103i.<\/span><\/li>\n<li style=\"font-weight: 400;\" aria-level=\"1\"><span style=\"font-weight: 400;\">\u021aine o eviden\u021b\u0103 a locurilor \u00een care ambasadorii s\u0103i alearg\u0103, se plimb\u0103, merg pe biciclet\u0103.<\/span><\/li>\n<li style=\"font-weight: 400;\" aria-level=\"1\"><span style=\"font-weight: 400;\">Este responsabil s\u0103 se asigure c\u0103 ambasadorii s\u0103i \u00ee\u0219i \u00eenscriu performan\u021bele pe pagina web a programului dup\u0103 eveniment (c\u00e2\u021bi kilometri au alergat, mers pe jos sau pe biciclet\u0103).<\/span><\/li>\n<li style=\"font-weight: 400;\" aria-level=\"1\"><span style=\"font-weight: 400;\">mobilizeaz\u0103 donatorii (a se vedea programul) \u0219i este responsabil de primirea dona\u021biilor<\/span><\/li>\n<\/ul>\n    <\/div>\n      <\/div>\n<\/div><div id=\"block_64ad16f507c93\" class=\"custom-text-block wp-block-acf-custom-text-block alignfull  bg-grey-200  py-5\">\n  <div class=\"container\">\n          <\/div>\n<\/div><div id=\"block_64ad172407c96\" class=\"custom-text-block wp-block-acf-custom-text-block alignfull  bg-grey-200  py-5\">\n  <div class=\"container\">\n          <\/div>\n<\/div><div id=\"block_64ad173107c97\" class=\"custom-text-block wp-block-acf-custom-text-block alignfull  bg-grey-200  py-5\">\n  <div class=\"container\">\n        <div id=\"ambasadori\">\n            <h1 class=\"fn-green\">\n        02      <\/h1>\n          <\/div>\n            <div class=\"rule-content\">\n      <h2><b><i>Regulamentul privind ambasadorii:<\/i><\/b><\/h2>\n<p><span style=\"font-weight: 400;\">\u00a01. <\/span>Poate fi ambasador oricine care poate alerga cel pu\u021bin 1 km, merge pe jos cel pu\u021bin 1 km, merge cu bicicleta cel pu\u021bin 1 km. Pot participa la eveniment \u0219i persoanele cu dizabilit\u0103\u021bi, cu condi\u021bia ca acestea s\u0103 ac\u021bioneze singure \u0219i nu cu ajutorul unei ma\u0219ini. O persoan\u0103 adult\u0103 r\u0103spunde pentru participarea unei persoane cu dizabilit\u0103\u021bi.<\/p>\n<p>2. \u00cenainte de a se \u00eenscrie, ambasadorul trebuie s\u0103 contacteze organiza\u021bia pentru a c\u0103rei cauz\u0103 dore\u0219te s\u0103 alerge, s\u0103 mearg\u0103 pe jos sau pe biciclet\u0103 \u0219i poate fi ambasador al cauzei doar dac\u0103 ONG-ul este de acord (a se vedea Identificarea organiza\u021biei).<\/p>\n<p>3. Te po\u021bi \u00eenscrie pentru a deveni ambasador doar online, acces\u00e2nd <a href=\"http:\/\/www.udvarhely.fussneki.ro\">www.udvarhely.fussneki.ro<\/a>, \u0219i doar \u00een termenul specificat. Pentru a se califica ca ambasador, persoana \u00eenscris\u0103 trebuie s\u0103 trimit\u0103 Funda\u021biei Comunitare din Odorheiu Secuiesc formularul de \u00eenscriere completat, o fotografie a sa \u0219i s\u0103 pl\u0103teasc\u0103 taxa de \u00eenscriere p\u00e2n\u0103 la termenul stabilit. \u00cen cazul \u00een care ambasadorul este minor sau persoan\u0103 cu dizabilit\u0103\u021bi, formularul de \u00eenscriere va fi completat de o persoan\u0103 adult\u0103 care \u00ee\u0219i asum\u0103 responsabilitatea pentru participarea acestuia (de exemplu, un p\u0103rinte, un tutore sau un profesor de educa\u021bie fizic\u0103).<\/p>\n<p>4. Ambasadorul trebuie s\u0103 furnizeze adresa sa de e-mail \u0219i num\u0103rul de telefon, astfel \u00eenc\u00e2t organizatorul (Funda\u021bia Comunitar\u0103 din Odorheiu Secuiesc) s\u0103 \u00eei poat\u0103 comunica orice informa\u021bie care \u00eel prive\u0219te.<\/p>\n<p><span style=\"font-weight: 400;\">5. FCOS<\/span><span style=\"font-weight: 400;\"> poate afi\u0219a pe site-urile \u0219i formularele sale toate datele furnizate de ambasador \u00een formularul de \u00eenscriere, cu excep\u021bia urm\u0103toarelor: v\u00e2rsta, adresa, num\u0103rul de telefon, adresa de e-mail. Acestea din urm\u0103 pot fi utilizate numai \u00een scopuri statistice sau de contact.<\/span><\/p>\n<p>6. Ve\u021bi primi pachetul de pornire de la coordonatorul de proiect al ONG-ului.<\/p>\n<p>7. Ambasadorul poate alerga, merge pe jos sau pe biciclet\u0103 orice num\u0103r de kilometri \u00een intervalul de timp stabilit (maxim 2 ore). Aceasta nu este o competi\u021bie! Pentru a ob\u021bine o performan\u021b\u0103 mai bun\u0103, se recomand\u0103 s\u0103 porni\u021bi mai \u00eencet. Se iau \u00een considerare doar distan\u021bele alergate, parcurse pe jos sau pe biciclet\u0103 f\u0103r\u0103 \u00eentrerupere.<\/p>\n<p><span style=\"font-weight: 400;\">8. Ambasadorul se angajeaz\u0103 s\u0103 introduc\u0103 distan\u021ba parcurs\u0103 pe site-ul <\/span><a href=\"http:\/\/www.udvarhely.fussneki.ro\"><span style=\"font-weight: 400;\">www.udvarhely.fussneki.ro<\/span><\/a><span style=\"font-weight: 400;\">(p\u00e2n\u0103 la termenul limit\u0103 solicitat de organizatori) dup\u0103 alergare, mers pe jos, ciclism.<\/span><\/p>\n    <\/div>\n      <\/div>\n<\/div><div id=\"block_64ad173e07c98\" class=\"custom-text-block wp-block-acf-custom-text-block alignfull  bg-white  py-5\">\n  <div class=\"container\">\n            <div class=\"rule-content\">\n      <h2><b><i>Sarcinile ambasadorului:<\/i><\/b><\/h2>\n<p><span style=\"font-weight: 400;\">\u00a0<\/span><\/p>\n<ul>\n<li style=\"font-weight: 400;\" aria-level=\"1\"><span style=\"font-weight: 400;\">s\u0103 alerge, s\u0103 mearg\u0103 pe jos sau cu bicicleta o distan\u021b\u0103 c\u00e2t mai mare,<\/span><\/li>\n<li style=\"font-weight: 400;\" aria-level=\"1\">s\u0103 mobilizeze donatorii (a se vedea programul) \u0219i este responsabil de primirea dona\u021biilor<\/li>\n<\/ul>\n    <\/div>\n      <\/div>\n<\/div><div id=\"block_64ad174907c99\" class=\"custom-text-block wp-block-acf-custom-text-block alignfull  bg-grey-200  py-5\">\n  <div class=\"container\">\n            <div class=\"rule-content\">\n      <p>Prin \u00eenscriere, ambasadorul declar\u0103 c\u0103 particip\u0103 \u00een mod voluntar \u0219i c\u0103 starea sa de s\u0103n\u0103tate este adecvat\u0103 pentru a participa la alergare\/mers pe jos\/ciclism. \u00cen caz de accidentare, nu va avea nicio preten\u021bie fa\u021b\u0103 de organizatori.<\/p>\n    <\/div>\n      <\/div>\n<\/div><div id=\"block_64ad174b07c9a\" class=\"custom-text-block wp-block-acf-custom-text-block alignfull  bg-grey-200  py-5\">\n  <div class=\"container\">\n        <div id=\"donatori\">\n            <h1 class=\"fn-green\">\n        03      <\/h1>\n          <\/div>\n            <div class=\"rule-content\">\n      <h2><b><i>Regulamentul privind donatorii:<\/i><\/b><\/h2>\n<ul>\n<li>Oricine poate dona \u0219i face o promisiune pentru orice ambasador al Run for IT! Odorhei, indic\u00e2nd ambasadorul pe care \u00eel sus\u021bine, suma \u0219i metoda de dona\u021bie (fix\u0103 sau pe km). Promisiunile de dona\u021bii pot fi f\u0103cute \u00een termenul specificat (4 s\u0103pt\u0103m\u00e2ni).<\/li>\n<li>\u00cen cazul \u00een care donatorul \u201epariaz\u0103\u201d pe num\u0103rul de ture\/kilometri parcur\u0219i de ambasador, suma indicat\u0103 de donator \u00een formularul de \u00eenscriere se \u00eenmul\u021be\u0219te cu num\u0103rul de ture parcurse de ambasador, iar donatorul va sprijini proiectul reprezentat de ambasador cu aceast\u0103 sum\u0103 total\u0103.<\/li>\n<li>Donatorii pot, de asemenea, s\u0103 contribuie cu o sum\u0103 fix\u0103 la un proiect, caz \u00een care trebuie s\u0103 completeze formularul \u00een consecin\u021b\u0103.<\/li>\n<\/ul>\n    <\/div>\n      <\/div>\n<\/div><div id=\"block_64ad477365afe\" class=\"custom-text-block wp-block-acf-custom-text-block alignfull  bg-white  py-5\">\n  <div class=\"container\">\n            <div class=\"rule-content\">\n      <h2><strong><i>Donatorul va pl\u0103ti suma final\u0103 a dona\u021biei c\u0103tre <\/i>Funda\u021bia Comunitar\u0103 din Odorheiu Secuiesc <i>\u00een una din urm\u0103toarele modalit\u0103\u021bi:<\/i><\/strong><\/h2>\n<ul>\n<li style=\"font-weight: 400;\" aria-level=\"1\"><span style=\"font-weight: 400;\">s\u0103 o dea ONG-ului (chiar prin intermediul ambasadorului), prin depunerea la sediul <\/span><span style=\"font-weight: 400;\">Funda\u021bi<\/span><span style=\"font-weight: 400;\">ei<\/span><span style=\"font-weight: 400;\"> Comunitar<\/span><span style=\"font-weight: 400;\">e<\/span><span style=\"font-weight: 400;\"> din Odorheiu Secuiesc <\/span><span style=\"font-weight: 400;\">(str. Kossuth Lajos, nr. 20, \u00een zilele lucr\u0103toare \u00eentre orele 9-16, cel t\u00e2rziu p\u00e2n\u0103 la 04. octombrie).<\/span><\/li>\n<li>plata personal\u0103, \u00een numerar, la sediul Funda\u021biei Comunitare din Odorheiu Secuiesc (str. Kossuth Lajos, nr. 20, \u00een zilele lucr\u0103toare \u00eentre orele 9-16, cel t\u00e2rziu p\u00e2n\u0103 la 04. octombrie).<\/li>\n<li style=\"font-weight: 400;\" aria-level=\"1\"><span style=\"font-weight: 400;\">prin transfer bancar \u00een RON (cel t\u00e2rziu p\u00e2n\u0103 la 04. octombrie: Funda\u0163ia Comunitar\u0103 din Odorheiu Secuiesc, adres\u0103 sediu: Odorheiu Secuiesc, str. Kossuth Lajos, nr. 20, CUI: 23073451, OTP Bank, <\/span><b>IBAN RO90OTPV261000207775RO13<\/b><span style=\"font-weight: 400;\"> \u2013 la rubrica \u201edetalii plat\u0103\u201d se scrie: Run for IT! Odorhei + numele ambasadorului\/ambasadorilor)<\/span><\/li>\n<\/ul>\n    <\/div>\n      <\/div>\n<\/div><div id=\"block_64ad47fb65aff\" class=\"custom-text-block wp-block-acf-custom-text-block alignfull  bg-grey-200  py-5\">\n  <div class=\"container\">\n            <div class=\"rule-content\">\n      <p><span style=\"font-weight: 400;\">Funda\u021bia Comunitar\u0103 din Odorheiu Secuiesc<\/span><span style=\"font-weight: 400;\"> poate afi\u0219a numele donatorului \u0219i suma donat\u0103 pe pagina sa web \u0219i pe formularele sale. Toate celelalte date sunt folosite doar \u00een scopuri statistice \u0219i pentru colectarea dona\u021biilor.<\/span><\/p>\n    <\/div>\n      <\/div>\n<\/div><div id=\"block_64ad482665b00\" class=\"custom-text-block wp-block-acf-custom-text-block alignfull  bg-grey-200  py-5\">\n  <div class=\"container\">\n            <div class=\"rule-content\">\n      <h2 style=\"text-align: center;\"><strong><i>Angajamentele organizatorului principal (<\/i>Funda\u021bia Comunitar\u0103 din Odorheiu Secuiesc)<\/strong><\/h2>\n<h2 style=\"text-align: center;\"><img decoding=\"async\" class=\"alignnone wp-image-858\" src=\"http:\/\/udvarhely.fussneki.ro\/wp-content\/uploads\/2023\/07\/szka-logo-fussneki-12.svg\" alt=\"\" width=\"150\" \/><\/h2>\n<p>&nbsp;<\/p>\n<p><span style=\"font-weight: 400;\">1.\u00a0 Coordonarea profesional\u0103 a programului + mediatizare continu\u0103.<\/span><\/p>\n<p>2. Furnizarea de resurse financiare, materiale \u0219i umane pentru punerea \u00een aplicare a programului (licita\u021bii, sponsoriz\u0103ri, voluntari).<\/p>\n<p><span style=\"font-weight: 400;\">3. Funda\u021bia Comunitar\u0103 din Odorheiu Secuiesc<\/span><span style=\"font-weight: 400;\"> va folosi taxele de \u00eenscriere \u0219i 10% din dona\u021bii pentru a acoperi costurile de organizare a evenimentului.<\/span><\/p>\n<p>4. Asigur\u0103 loca\u021bia, condi\u021bii sigure de alergare\/plimbare\/biciclet\u0103 \u0219i pentru suporterii \u00een ziua evenimentului.<\/p>\n<p>5. Organizatorul \u00ee\u0219i rezerv\u0103 dreptul de a face \u00eenregistr\u0103ri video, audio \u0219i film\u0103ri \u00een timpul programului, care vor fi \u00een continuare proprietatea sa. Organizatorul are libertatea de a utiliza \u00eenregistr\u0103rile \u00een materiale publicitare \u0219i alte materiale de comunicare (de exemplu, bannere, afi\u0219e, bro\u0219uri), prin urmare, persoanele care apar \u00een fotografii\/film\u0103ri nu au dreptul la nicio compensa\u021bie.<\/p>\n<p>6. Organizatorul nu este responsabil pentru obiectele l\u0103sate la locul evenimentului.<\/p>\n<p>7. Organizatorul \u00ee\u0219i rezerv\u0103 dreptul de a modifica data evenimentului \u0219i de a omite sau de a modifica orice element de program planificat \u0219i anun\u021bat \u00een prealabil \u00een leg\u0103tur\u0103 cu evenimentul.<\/p>\n<p>8. Organizatorul va utiliza datele ONG-ului \u00een scopuri contractuale, statistice \u0219i de contact. Descrierea detaliat\u0103 este cuprins\u0103 \u00een Politica de confiden\u021bialitate, pe care ONG-ul care se \u00eenscrie \u00een program o va primi pentru a citi \u0219i a accepta termenii acesteia.<\/p>\n<p>9. Organizatorul va utiliza datele ambasadorului \u00een scopuri statistice, de contact \u0219i informare, precum \u0219i pentru colectarea dona\u021biilor f\u0103cute pentru ambasador (\u00een cazul \u00een care donatorul nu poate fi contactat). Descrierea detaliat\u0103 este cuprins\u0103 \u00een Politica de confiden\u021bialitate, pe care ambasadorul o va primi pentru a citi \u0219i a accepta termenii acesteia.<\/p>\n<p>10. Organizatorul va utiliza datele donatorului \u00een scopuri statistice, de contact \u0219i informare, precum \u0219i pentru colectarea dona\u021biilor f\u0103cute. Descrierea detaliat\u0103 este cuprins\u0103 \u00een Politica de confiden\u021bialitate, pe care donatorul o va primi pentru a citi atunci c\u00e2nd face o dona\u021bie.<\/p>\n    <\/div>\n      <\/div>\n<\/div><div id=\"block_64ad497a65b01\" class=\"sponsors-block wp-block-acf-sponsors-block alignfull bg-grey-200 my-5\">\n  <div class=\"container pt-5 pb-2\">\n          <h3 class=\"text-center mb-4\">Sponzor principal<\/h3>\n\n      \n      \n          <h3 class=\"text-center mb-4\">Parteneri<\/h3>\n\n              <div class=\"row mb-5 justify-content-center\">\n                      <div class=\"col-md-4 mb-4\">\n              <a href=\"https:\/\/www.thehousecowork.ro\/\" target=\"_blank\" class=\"d-flex align-items-center justify-content-center h-100 bg-white p-4\" title=\"The House\" rel=\"noopener\">\n                                  <img decoding=\"async\" width=\"1\" height=\"1\" src=\"https:\/\/udvarhely.fussneki.ro\/wp-content\/uploads\/2023\/07\/the-house-szines.svg\" class=\"img-fluid\" alt=\"\" \/>\n                              <\/a>\n            <\/div>\n                      <div class=\"col-md-4 mb-4\">\n              <a href=\"https:\/\/www.muhely.eu\/\" target=\"_blank\" class=\"d-flex align-items-center justify-content-center h-100 bg-white p-4\" title=\"M\u0171hely Egyes\u00fcletet\" rel=\"noopener\">\n                                  <img decoding=\"async\" width=\"1\" height=\"1\" src=\"https:\/\/udvarhely.fussneki.ro\/wp-content\/uploads\/2023\/07\/muhely-szinese.svg\" class=\"img-fluid\" alt=\"\" \/>\n                              <\/a>\n            <\/div>\n                  <\/div>\n      \n      \n      <\/div>\n<\/div>","protected":false},"excerpt":{"rendered":"","protected":false},"author":1,"featured_media":0,"parent":0,"menu_order":0,"comment_status":"closed","ping_status":"closed","template":"template-full-width.blade.php","meta":{"footnotes":""},"class_list":["post-611","page","type-page","status-publish","hentry"],"_links":{"self":[{"href":"https:\/\/udvarhely.fussneki.ro\/ro\/wp-json\/wp\/v2\/pages\/611","targetHints":{"allow":["GET"]}}],"collection":[{"href":"https:\/\/udvarhely.fussneki.ro\/ro\/wp-json\/wp\/v2\/pages"}],"about":[{"href":"https:\/\/udvarhely.fussneki.ro\/ro\/wp-json\/wp\/v2\/types\/page"}],"author":[{"embeddable":true,"href":"https:\/\/udvarhely.fussneki.ro\/ro\/wp-json\/wp\/v2\/users\/1"}],"replies":[{"embeddable":true,"href":"https:\/\/udvarhely.fussneki.ro\/ro\/wp-json\/wp\/v2\/comments?post=611"}],"version-history":[{"count":31,"href":"https:\/\/udvarhely.fussneki.ro\/ro\/wp-json\/wp\/v2\/pages\/611\/revisions"}],"predecessor-version":[{"id":65325,"href":"https:\/\/udvarhely.fussneki.ro\/ro\/wp-json\/wp\/v2\/pages\/611\/revisions\/65325"}],"wp:attachment":[{"href":"https:\/\/udvarhely.fussneki.ro\/ro\/wp-json\/wp\/v2\/media?parent=611"}],"curies":[{"name":"wp","href":"https:\/\/api.w.org\/{rel}","templated":true}]}}